{"id":133,"date":"2025-03-07T01:36:47","date_gmt":"2025-03-07T01:36:47","guid":{"rendered":"https:\/\/flobbitz.com\/?page_id=133"},"modified":"2026-02-19T17:06:52","modified_gmt":"2026-02-19T17:06:52","slug":"about","status":"publish","type":"page","link":"https:\/\/flobbitz.com\/es\/about\/","title":{"rendered":"Sobre nosotros"},"content":{"rendered":"<p>Bienvenido a <strong>Flobbitz<\/strong>Flobbitz es tu destino ideal para una cobertura tecnol\u00f3gica perspicaz. Nos dedicamos a ofrecerte rese\u00f1as expertas de aplicaciones, an\u00e1lisis pr\u00e1cticos de dispositivos y estudios en profundidad de las \u00faltimas tendencias digitales. Tanto si buscas la aplicaci\u00f3n perfecta para simplificar tu rutina diaria como si quieres conocer de cerca el futuro de la tecnolog\u00eda, Flobbitz te mantiene informado y a la vanguardia.<\/p>\n\n\n\n<h3 class=\"wp-block-heading\">Qui\u00e9nes somos<\/h3>\n\n\n\n<p>En Flobbitz, somos un equipo de apasionados exploradores tecnol\u00f3gicos que disfrutamos descubriendo las innovaciones que dan forma al mundo digital. Nuestra misi\u00f3n es simplificar la informaci\u00f3n y ofrecer perspectivas pr\u00e1cticas y bien documentadas que te ayuden a desenvolverte en el vertiginoso panorama tecnol\u00f3gico. Desde descubrir aplicaciones ocultas hasta analizar software revolucionario, te ofrecemos contenido que va m\u00e1s all\u00e1 de lo superficial, brind\u00e1ndote una comprensi\u00f3n m\u00e1s clara de las herramientas que impulsan la vida moderna.<\/p>\n\n\n\n<p>Creemos que la tecnolog\u00eda debe estar a tu servicio, no al rev\u00e9s. Por eso nos centramos en la usabilidad pr\u00e1ctica, ayud\u00e1ndote a encontrar apps, dispositivos y soluciones tecnol\u00f3gicas que realmente mejoren tu experiencia, ya sea para el trabajo, el ocio o para tu comodidad diaria.<\/p>\n\n\n\n<h3 class=\"wp-block-heading\">Lo que ofrecemos<\/h3>\n\n\n\n<p>En Flobbitz, ofrecemos contenido para todos los niveles de inter\u00e9s tecnol\u00f3gico, desde usuarios cotidianos que buscan recomendaciones pr\u00e1cticas hasta entusiastas de la tecnolog\u00eda deseosos de an\u00e1lisis en profundidad. Esto es lo que encontrar\u00e1s:<\/p>\n\n\n\n<p>\u2714 <strong>Aplicaciones y gadgets destacados<\/strong> Descubre las aplicaciones mejor valoradas, herramientas innovadoras y dispositivos imprescindibles dise\u00f1ados para mejorar la productividad, el entretenimiento y la comodidad en el d\u00eda a d\u00eda.<\/p>\n\n\n\n<p>\u2714 <strong>Gu\u00edas t\u00e9cnicas paso a paso<\/strong> \u2013 Domina nuevos programas y aplicaciones con tutoriales claros y pr\u00e1cticos adaptados a todos los niveles de experiencia.<\/p>\n\n\n\n<p>\u2714 <strong>Noticias y an\u00e1lisis del sector<\/strong> \u2013 Mant\u00e9ngase al d\u00eda sobre los principales avances, desde descubrimientos en inteligencia artificial hasta las tendencias emergentes en tecnolog\u00eda m\u00f3vil y de consumo.<\/p>\n\n\n\n<p>\u2714 <strong>An\u00e1lisis y comparaciones en profundidad<\/strong> \u2013 Obt\u00e9n evaluaciones imparciales y basadas en investigaciones sobre aplicaciones, plataformas y herramientas tecnol\u00f3gicas, lo que te permitir\u00e1 tomar decisiones bien fundamentadas.<\/p>\n\n\n\n<p>\u2714 <strong>El futuro de las caracter\u00edsticas tecnol\u00f3gicas<\/strong> \u2013 Explora c\u00f3mo las innovaciones digitales, la inteligencia artificial y las nuevas tecnolog\u00edas est\u00e1n transformando nuestra forma de vivir y trabajar.<\/p>\n\n\n\n<h3 class=\"wp-block-heading\">Nuestro compromiso con la transparencia<\/h3>\n\n\n\n<p>En Flobbitz, nos enorgullecemos de ser una fuente independiente y objetiva de informaci\u00f3n tecnol\u00f3gica. No estamos afiliados a ninguna de las marcas o empresas que aparecen en nuestro contenido, lo que garantiza que cada rese\u00f1a, gu\u00eda y recomendaci\u00f3n se basa exclusivamente en una investigaci\u00f3n exhaustiva y pruebas pr\u00e1cticas.<\/p>\n\n\n\n<p>Nuestro objetivo es simple: proporcionar <strong>Preciso, fiable y pr\u00e1ctico.<\/strong> Contenido tecnol\u00f3gico que te ayuda a tomar decisiones m\u00e1s inteligentes en un mundo digital en constante evoluci\u00f3n. Si bien nos esforzamos por la precisi\u00f3n, siempre recomendamos a nuestros lectores que exploren diversas perspectivas y realicen su propia investigaci\u00f3n al considerar aplicaciones, servicios o productos tecnol\u00f3gicos.<\/p>\n\n\n\n<p>La tecnolog\u00eda est\u00e1 en constante evoluci\u00f3n, y nosotros tambi\u00e9n. Tanto si buscas an\u00e1lisis de expertos, consejos pr\u00e1cticos sobre tecnolog\u00eda o las \u00faltimas tendencias digitales, Flobbitz es tu compa\u00f1ero de confianza en este mundo impulsado por la tecnolog\u00eda.<\/p>","protected":false},"excerpt":{"rendered":"<p>Welcome to Flobbitz, your go-to destination for insightful tech coverage. We\u2019re dedicated to bringing you expert app reviews, hands-on gadget analysis, and deep dives into the latest digital trends. Whether you&#8217;re searching for the perfect app to simplify your daily routine or want a closer look at the future of technology, Flobbitz is here to [&hellip;]<\/p>","protected":false},"author":3,"featured_media":0,"parent":0,"menu_order":0,"comment_status":"closed","ping_status":"closed","template":"page-nosidebar.php","meta":{"footnotes":""},"yoast_head":"<!-- This site is optimized with the Yoast SEO plugin v23.3 - https:\/\/yoast.com\/wordpress\/plugins\/seo\/ -->\n<title>About Us - Flobbitz<\/title>\n<meta name=\"robots\" content=\"index, follow, max-snippet:-1, max-image-preview:large, max-video-preview:-1\" \/>\n<link rel=\"canonical\" href=\"https:\/\/flobbitz.com\/es\/about\/\" \/>\n<meta property=\"og:locale\" content=\"es_ES\" \/>\n<meta property=\"og:type\" content=\"article\" \/>\n<meta property=\"og:title\" content=\"About Us - Flobbitz\" \/>\n<meta property=\"og:description\" content=\"Welcome to Flobbitz, your go-to destination for insightful tech coverage. We\u2019re dedicated to bringing you expert app reviews, hands-on gadget analysis, and deep dives into the latest digital trends. Whether you&#8217;re searching for the perfect app to simplify your daily routine or want a closer look at the future of technology, Flobbitz is here to [&hellip;]\" \/>\n<meta property=\"og:url\" content=\"https:\/\/flobbitz.com\/es\/about\/\" \/>\n<meta property=\"og:site_name\" content=\"Flobbitz\" \/>\n<meta property=\"article:modified_time\" content=\"2026-02-19T17:06:52+00:00\" \/>\n<meta name=\"twitter:card\" content=\"summary_large_image\" \/>\n<meta name=\"twitter:label1\" content=\"Est. reading time\" \/>\n\t<meta name=\"twitter:data1\" content=\"2 minutos\" \/>\n<script type=\"application\/ld+json\" class=\"yoast-schema-graph\">{\"@context\":\"https:\/\/schema.org\",\"@graph\":[{\"@type\":\"WebPage\",\"@id\":\"https:\/\/flobbitz.com\/about\/\",\"url\":\"https:\/\/flobbitz.com\/about\/\",\"name\":\"About Us - Flobbitz\",\"isPartOf\":{\"@id\":\"https:\/\/flobbitz.com\/#website\"},\"datePublished\":\"2025-03-07T01:36:47+00:00\",\"dateModified\":\"2026-02-19T17:06:52+00:00\",\"breadcrumb\":{\"@id\":\"https:\/\/flobbitz.com\/about\/#breadcrumb\"},\"inLanguage\":\"es-CO\",\"potentialAction\":[{\"@type\":\"ReadAction\",\"target\":[\"https:\/\/flobbitz.com\/about\/\"]}]},{\"@type\":\"BreadcrumbList\",\"@id\":\"https:\/\/flobbitz.com\/about\/#breadcrumb\",\"itemListElement\":[{\"@type\":\"ListItem\",\"position\":1,\"name\":\"Home\",\"item\":\"https:\/\/flobbitz.com\/\"},{\"@type\":\"ListItem\",\"position\":2,\"name\":\"About Us\"}]},{\"@type\":\"WebSite\",\"@id\":\"https:\/\/flobbitz.com\/#website\",\"url\":\"https:\/\/flobbitz.com\/\",\"name\":\"Flobbitz\",\"description\":\"\",\"potentialAction\":[{\"@type\":\"SearchAction\",\"target\":{\"@type\":\"EntryPoint\",\"urlTemplate\":\"https:\/\/flobbitz.com\/?s={search_term_string}\"},\"query-input\":\"required name=search_term_string\"}],\"inLanguage\":\"es-CO\"}]}<\/script>\n<!-- \/ Yoast SEO plugin. -->","yoast_head_json":{"title":"About Us - Flobbitz","robots":{"index":"index","follow":"follow","max-snippet":"max-snippet:-1","max-image-preview":"max-image-preview:large","max-video-preview":"max-video-preview:-1"},"canonical":"https:\/\/flobbitz.com\/es\/about\/","og_locale":"es_ES","og_type":"article","og_title":"About Us - Flobbitz","og_description":"Welcome to Flobbitz, your go-to destination for insightful tech coverage. We\u2019re dedicated to bringing you expert app reviews, hands-on gadget analysis, and deep dives into the latest digital trends. Whether you&#8217;re searching for the perfect app to simplify your daily routine or want a closer look at the future of technology, Flobbitz is here to [&hellip;]","og_url":"https:\/\/flobbitz.com\/es\/about\/","og_site_name":"Flobbitz","article_modified_time":"2026-02-19T17:06:52+00:00","twitter_card":"summary_large_image","twitter_misc":{"Est. reading time":"2 minutos"},"schema":{"@context":"https:\/\/schema.org","@graph":[{"@type":"WebPage","@id":"https:\/\/flobbitz.com\/about\/","url":"https:\/\/flobbitz.com\/about\/","name":"About Us - Flobbitz","isPartOf":{"@id":"https:\/\/flobbitz.com\/#website"},"datePublished":"2025-03-07T01:36:47+00:00","dateModified":"2026-02-19T17:06:52+00:00","breadcrumb":{"@id":"https:\/\/flobbitz.com\/about\/#breadcrumb"},"inLanguage":"es-CO","potentialAction":[{"@type":"ReadAction","target":["https:\/\/flobbitz.com\/about\/"]}]},{"@type":"BreadcrumbList","@id":"https:\/\/flobbitz.com\/about\/#breadcrumb","itemListElement":[{"@type":"ListItem","position":1,"name":"Home","item":"https:\/\/flobbitz.com\/"},{"@type":"ListItem","position":2,"name":"About Us"}]},{"@type":"WebSite","@id":"https:\/\/flobbitz.com\/#website","url":"https:\/\/flobbitz.com\/","name":"Flobbitz","description":"","potentialAction":[{"@type":"SearchAction","target":{"@type":"EntryPoint","urlTemplate":"https:\/\/flobbitz.com\/?s={search_term_string}"},"query-input":"required name=search_term_string"}],"inLanguage":"es-CO"}]}},"_links":{"self":[{"href":"https:\/\/flobbitz.com\/es\/wp-json\/wp\/v2\/pages\/133"}],"collection":[{"href":"https:\/\/flobbitz.com\/es\/wp-json\/wp\/v2\/pages"}],"about":[{"href":"https:\/\/flobbitz.com\/es\/wp-json\/wp\/v2\/types\/page"}],"author":[{"embeddable":true,"href":"https:\/\/flobbitz.com\/es\/wp-json\/wp\/v2\/users\/3"}],"replies":[{"embeddable":true,"href":"https:\/\/flobbitz.com\/es\/wp-json\/wp\/v2\/comments?post=133"}],"version-history":[{"count":2,"href":"https:\/\/flobbitz.com\/es\/wp-json\/wp\/v2\/pages\/133\/revisions"}],"predecessor-version":[{"id":135,"href":"https:\/\/flobbitz.com\/es\/wp-json\/wp\/v2\/pages\/133\/revisions\/135"}],"wp:attachment":[{"href":"https:\/\/flobbitz.com\/es\/wp-json\/wp\/v2\/media?parent=133"}],"curies":[{"name":"wp","href":"https:\/\/api.w.org\/{rel}","templated":true}]}}