{"id":133,"date":"2025-03-07T01:36:47","date_gmt":"2025-03-07T01:36:47","guid":{"rendered":"https:\/\/flobbitz.com\/?page_id=133"},"modified":"2026-02-19T17:06:52","modified_gmt":"2026-02-19T17:06:52","slug":"about","status":"publish","type":"page","link":"https:\/\/flobbitz.com\/pl\/about\/","title":{"rendered":"O nas"},"content":{"rendered":"<p>Witamy w <strong>Flobbitz<\/strong>, Twoje \u017ar\u00f3d\u0142o wnikliwych informacji o technologii. Naszym celem jest dostarczanie Ci eksperckich recenzji aplikacji, praktycznych analiz gad\u017cet\u00f3w i dog\u0142\u0119bnych analiz najnowszych trend\u00f3w cyfrowych. Niezale\u017cnie od tego, czy szukasz idealnej aplikacji, kt\u00f3ra u\u0142atwi Ci codzienne \u017cycie, czy chcesz bli\u017cej przyjrze\u0107 si\u0119 przysz\u0142o\u015bci technologii, Flobbitz jest tu po to, by informowa\u0107 Ci\u0119 na bie\u017c\u0105co i wyprzedza\u0107 trendy.<\/p>\n\n\n\n<h3 class=\"wp-block-heading\">Kim jeste\u015bmy<\/h3>\n\n\n\n<p>W Flobbitz jeste\u015bmy zespo\u0142em pasjonat\u00f3w technologii, kt\u00f3rzy z pasj\u0105 odkrywaj\u0105 innowacje kszta\u0142tuj\u0105ce cyfrowy \u015bwiat. Nasz\u0105 misj\u0105 jest przebijanie si\u0119 przez chaos i dostarczanie rzetelnych, praktycznych spostrze\u017ce\u0144, kt\u00f3re pomog\u0105 Ci porusza\u0107 si\u0119 po dynamicznie zmieniaj\u0105cym si\u0119 krajobrazie technologicznym. Od odkrywania ukrytych pere\u0142ek aplikacji po analiz\u0119 prze\u0142omowego oprogramowania, oferujemy Ci tre\u015bci wykraczaj\u0105ce poza powierzchowne informacje, daj\u0105c Ci pe\u0142niejsze zrozumienie narz\u0119dzi, kt\u00f3re nap\u0119dzaj\u0105 wsp\u00f3\u0142czesne \u017cycie.<\/p>\n\n\n\n<p>Wierzymy, \u017ce technologia powinna s\u0142u\u017cy\u0107 Tobie, a nie odwrotnie. Dlatego skupiamy si\u0119 na praktycznej u\u017cyteczno\u015bci, pomagaj\u0105c Ci znale\u017a\u0107 aplikacje, gad\u017cety i rozwi\u0105zania technologiczne, kt\u00f3re autentycznie ulepsz\u0105 Twoje do\u015bwiadczenia, zar\u00f3wno w pracy, rozrywce, jak i codziennej wygodzie.<\/p>\n\n\n\n<h3 class=\"wp-block-heading\">Co oferujemy<\/h3>\n\n\n\n<p>W Flobbitz dostarczamy tre\u015bci dla os\u00f3b o r\u00f3\u017cnym poziomie zainteresowania technologi\u0105 \u2013 od zwyk\u0142ych u\u017cytkownik\u00f3w poszukuj\u0105cych praktycznych rekomendacji po entuzjast\u00f3w technologii spragnionych dog\u0142\u0119bnej analizy. Oto, co znajdziesz:<\/p>\n\n\n\n<p>\u2714 <strong>Reflektory aplikacji i gad\u017cet\u00f3w<\/strong> \u2013 Odkryj najwy\u017cej oceniane aplikacje, innowacyjne narz\u0119dzia i niezb\u0119dne gad\u017cety zaprojektowane z my\u015bl\u0105 o zwi\u0119kszeniu produktywno\u015bci, rozrywki i codziennej wygody.<\/p>\n\n\n\n<p>\u2714 <strong>Przewodniki techniczne krok po kroku<\/strong> \u2013 Poznaj nowe oprogramowanie i aplikacje dzi\u0119ki przejrzystym i praktycznym samouczkom dostosowanym do wszystkich poziom\u00f3w zaawansowania.<\/p>\n\n\n\n<p>\u2714 <strong>Wiadomo\u015bci i spostrze\u017cenia bran\u017cowe<\/strong> \u2013 B\u0105d\u017a na bie\u017c\u0105co z najwa\u017cniejszymi wydarzeniami, od prze\u0142om\u00f3w w dziedzinie sztucznej inteligencji po nowe trendy w technologii mobilnej i konsumenckiej.<\/p>\n\n\n\n<p>\u2714 <strong>Szczeg\u00f3\u0142owe recenzje i por\u00f3wnania<\/strong> \u2013 Uzyskaj obiektywne, oparte na badaniach oceny aplikacji, platform i narz\u0119dzi technologicznych, dzi\u0119ki czemu b\u0119dziesz m\u00f3g\u0142 podejmowa\u0107 \u015bwiadome decyzje.<\/p>\n\n\n\n<p>\u2714 <strong>Przysz\u0142o\u015b\u0107 funkcji technologicznych<\/strong> \u2013 Dowiedz si\u0119, w jaki spos\u00f3b innowacje cyfrowe, sztuczna inteligencja i nowe technologie kszta\u0142tuj\u0105 spos\u00f3b, w jaki \u017cyjemy i pracujemy.<\/p>\n\n\n\n<h3 class=\"wp-block-heading\">Nasze zaanga\u017cowanie w przejrzysto\u015b\u0107<\/h3>\n\n\n\n<p>W Flobbitz szczycimy si\u0119 tym, \u017ce jeste\u015bmy niezale\u017cnym i obiektywnym \u017ar\u00f3d\u0142em wiedzy technologicznej. Nie jeste\u015bmy powi\u0105zani z \u017cadnymi markami ani firmami prezentowanymi w naszych tre\u015bciach, dbaj\u0105c o to, aby ka\u017cda recenzja, poradnik i rekomendacja opiera\u0142y si\u0119 wy\u0142\u0105cznie na dog\u0142\u0119bnych badaniach i praktycznych testach.<\/p>\n\n\n\n<p>Nasz cel jest prosty: zapewni\u0107 <strong>dok\u0142adne, niezawodne i wykonalne<\/strong> Tre\u015bci technologiczne, kt\u00f3re pomog\u0105 Ci podejmowa\u0107 m\u0105drzejsze decyzje w ci\u0105gle ewoluuj\u0105cym cyfrowym \u015bwiecie. D\u0105\u017c\u0105c do precyzji, zawsze zach\u0119camy czytelnik\u00f3w do odkrywania r\u00f3\u017cnych perspektyw i przeprowadzania w\u0142asnych bada\u0144 przed wyborem aplikacji, us\u0142ug lub produkt\u00f3w technologicznych.<\/p>\n\n\n\n<p>Technologia stale si\u0119 rozwija, podobnie jak my. Niezale\u017cnie od tego, czy szukasz eksperckiej analizy, praktycznych porad technicznych, czy najnowszych trend\u00f3w cyfrowych, Flobbitz jest Twoim zaufanym towarzyszem w podr\u00f3\u017cy przez \u015bwiat nap\u0119dzany technologi\u0105.<\/p>","protected":false},"excerpt":{"rendered":"<p>Witamy w Flobbitz, Twoim ulubionym miejscu, gdzie znajdziesz wnikliwe informacje o technologii. Oferujemy profesjonalne recenzje aplikacji, praktyczne analizy gad\u017cet\u00f3w i dog\u0142\u0119bne analizy najnowszych trend\u00f3w cyfrowych. Niezale\u017cnie od tego, czy szukasz idealnej aplikacji, kt\u00f3ra u\u0142atwi Ci codzienne \u017cycie, czy chcesz bli\u017cej przyjrze\u0107 si\u0119 przysz\u0142o\u015bci technologii, Flobbitz jest tutaj, aby [\u2026]<\/p>","protected":false},"author":3,"featured_media":0,"parent":0,"menu_order":0,"comment_status":"closed","ping_status":"closed","template":"page-nosidebar.php","meta":{"footnotes":""},"yoast_head":"<!-- This site is optimized with the Yoast SEO plugin v23.3 - https:\/\/yoast.com\/wordpress\/plugins\/seo\/ -->\n<title>About Us - Flobbitz<\/title>\n<meta name=\"robots\" content=\"index, follow, max-snippet:-1, max-image-preview:large, max-video-preview:-1\" \/>\n<link rel=\"canonical\" href=\"https:\/\/flobbitz.com\/pl\/about\/\" \/>\n<meta property=\"og:locale\" content=\"pl_PL\" \/>\n<meta property=\"og:type\" content=\"article\" \/>\n<meta property=\"og:title\" content=\"About Us - Flobbitz\" \/>\n<meta property=\"og:description\" content=\"Welcome to Flobbitz, your go-to destination for insightful tech coverage. We\u2019re dedicated to bringing you expert app reviews, hands-on gadget analysis, and deep dives into the latest digital trends. Whether you&#8217;re searching for the perfect app to simplify your daily routine or want a closer look at the future of technology, Flobbitz is here to [&hellip;]\" \/>\n<meta property=\"og:url\" content=\"https:\/\/flobbitz.com\/pl\/about\/\" \/>\n<meta property=\"og:site_name\" content=\"Flobbitz\" \/>\n<meta property=\"article:modified_time\" content=\"2026-02-19T17:06:52+00:00\" \/>\n<meta name=\"twitter:card\" content=\"summary_large_image\" \/>\n<meta name=\"twitter:label1\" content=\"Est. reading time\" \/>\n\t<meta name=\"twitter:data1\" content=\"2 minuty\" \/>\n<script type=\"application\/ld+json\" class=\"yoast-schema-graph\">{\"@context\":\"https:\/\/schema.org\",\"@graph\":[{\"@type\":\"WebPage\",\"@id\":\"https:\/\/flobbitz.com\/about\/\",\"url\":\"https:\/\/flobbitz.com\/about\/\",\"name\":\"About Us - Flobbitz\",\"isPartOf\":{\"@id\":\"https:\/\/flobbitz.com\/#website\"},\"datePublished\":\"2025-03-07T01:36:47+00:00\",\"dateModified\":\"2026-02-19T17:06:52+00:00\",\"breadcrumb\":{\"@id\":\"https:\/\/flobbitz.com\/about\/#breadcrumb\"},\"inLanguage\":\"pl-PL\",\"potentialAction\":[{\"@type\":\"ReadAction\",\"target\":[\"https:\/\/flobbitz.com\/about\/\"]}]},{\"@type\":\"BreadcrumbList\",\"@id\":\"https:\/\/flobbitz.com\/about\/#breadcrumb\",\"itemListElement\":[{\"@type\":\"ListItem\",\"position\":1,\"name\":\"Home\",\"item\":\"https:\/\/flobbitz.com\/\"},{\"@type\":\"ListItem\",\"position\":2,\"name\":\"About Us\"}]},{\"@type\":\"WebSite\",\"@id\":\"https:\/\/flobbitz.com\/#website\",\"url\":\"https:\/\/flobbitz.com\/\",\"name\":\"Flobbitz\",\"description\":\"\",\"potentialAction\":[{\"@type\":\"SearchAction\",\"target\":{\"@type\":\"EntryPoint\",\"urlTemplate\":\"https:\/\/flobbitz.com\/?s={search_term_string}\"},\"query-input\":\"required name=search_term_string\"}],\"inLanguage\":\"pl-PL\"}]}<\/script>\n<!-- \/ Yoast SEO plugin. -->","yoast_head_json":{"title":"About Us - Flobbitz","robots":{"index":"index","follow":"follow","max-snippet":"max-snippet:-1","max-image-preview":"max-image-preview:large","max-video-preview":"max-video-preview:-1"},"canonical":"https:\/\/flobbitz.com\/pl\/about\/","og_locale":"pl_PL","og_type":"article","og_title":"About Us - Flobbitz","og_description":"Welcome to Flobbitz, your go-to destination for insightful tech coverage. We\u2019re dedicated to bringing you expert app reviews, hands-on gadget analysis, and deep dives into the latest digital trends. Whether you&#8217;re searching for the perfect app to simplify your daily routine or want a closer look at the future of technology, Flobbitz is here to [&hellip;]","og_url":"https:\/\/flobbitz.com\/pl\/about\/","og_site_name":"Flobbitz","article_modified_time":"2026-02-19T17:06:52+00:00","twitter_card":"summary_large_image","twitter_misc":{"Est. reading time":"2 minuty"},"schema":{"@context":"https:\/\/schema.org","@graph":[{"@type":"WebPage","@id":"https:\/\/flobbitz.com\/about\/","url":"https:\/\/flobbitz.com\/about\/","name":"About Us - Flobbitz","isPartOf":{"@id":"https:\/\/flobbitz.com\/#website"},"datePublished":"2025-03-07T01:36:47+00:00","dateModified":"2026-02-19T17:06:52+00:00","breadcrumb":{"@id":"https:\/\/flobbitz.com\/about\/#breadcrumb"},"inLanguage":"pl-PL","potentialAction":[{"@type":"ReadAction","target":["https:\/\/flobbitz.com\/about\/"]}]},{"@type":"BreadcrumbList","@id":"https:\/\/flobbitz.com\/about\/#breadcrumb","itemListElement":[{"@type":"ListItem","position":1,"name":"Home","item":"https:\/\/flobbitz.com\/"},{"@type":"ListItem","position":2,"name":"About Us"}]},{"@type":"WebSite","@id":"https:\/\/flobbitz.com\/#website","url":"https:\/\/flobbitz.com\/","name":"Flobbitz","description":"","potentialAction":[{"@type":"SearchAction","target":{"@type":"EntryPoint","urlTemplate":"https:\/\/flobbitz.com\/?s={search_term_string}"},"query-input":"required name=search_term_string"}],"inLanguage":"pl-PL"}]}},"_links":{"self":[{"href":"https:\/\/flobbitz.com\/pl\/wp-json\/wp\/v2\/pages\/133"}],"collection":[{"href":"https:\/\/flobbitz.com\/pl\/wp-json\/wp\/v2\/pages"}],"about":[{"href":"https:\/\/flobbitz.com\/pl\/wp-json\/wp\/v2\/types\/page"}],"author":[{"embeddable":true,"href":"https:\/\/flobbitz.com\/pl\/wp-json\/wp\/v2\/users\/3"}],"replies":[{"embeddable":true,"href":"https:\/\/flobbitz.com\/pl\/wp-json\/wp\/v2\/comments?post=133"}],"version-history":[{"count":2,"href":"https:\/\/flobbitz.com\/pl\/wp-json\/wp\/v2\/pages\/133\/revisions"}],"predecessor-version":[{"id":135,"href":"https:\/\/flobbitz.com\/pl\/wp-json\/wp\/v2\/pages\/133\/revisions\/135"}],"wp:attachment":[{"href":"https:\/\/flobbitz.com\/pl\/wp-json\/wp\/v2\/media?parent=133"}],"curies":[{"name":"wp","href":"https:\/\/api.w.org\/{rel}","templated":true}]}}