{"id":133,"date":"2025-03-07T01:36:47","date_gmt":"2025-03-07T01:36:47","guid":{"rendered":"https:\/\/flobbitz.com\/?page_id=133"},"modified":"2026-02-19T17:06:52","modified_gmt":"2026-02-19T17:06:52","slug":"about","status":"publish","type":"page","link":"https:\/\/flobbitz.com\/pt\/about\/","title":{"rendered":"Sobre n\u00f3s"},"content":{"rendered":"<p>Bem-vindo ao <strong>Flobbitz<\/strong>, seu destino ideal para uma cobertura tecnol\u00f3gica aprofundada e perspicaz. Nos dedicamos a trazer an\u00e1lises especializadas de aplicativos, an\u00e1lises pr\u00e1ticas de gadgets e an\u00e1lises aprofundadas das \u00faltimas tend\u00eancias digitais. Seja para encontrar o aplicativo perfeito para simplificar sua rotina di\u00e1ria ou para conhecer de perto o futuro da tecnologia, o Flobbitz est\u00e1 aqui para mant\u00ea-lo informado e \u00e0 frente das tend\u00eancias.<\/p>\n\n\n\n<h3 class=\"wp-block-heading\">Quem Somos<\/h3>\n\n\n\n<p>Na Flobbitz, somos uma equipe de exploradores apaixonados por tecnologia que se dedicam a descobrir as inova\u00e7\u00f5es que moldam o mundo digital. Nossa miss\u00e3o \u00e9 ir al\u00e9m da desorganiza\u00e7\u00e3o e fornecer insights pr\u00e1ticos e bem pesquisados que ajudem voc\u00ea a navegar pelo cen\u00e1rio tecnol\u00f3gico em r\u00e1pida transforma\u00e7\u00e3o. Da descoberta de aplicativos ocultos \u00e0 an\u00e1lise de softwares inovadores, trazemos conte\u00fado que vai al\u00e9m da superf\u00edcie, proporcionando uma compreens\u00e3o mais clara das ferramentas que impulsionam a vida moderna.<\/p>\n\n\n\n<p>Acreditamos que a tecnologia deve trabalhar para voc\u00ea \u2014 e n\u00e3o o contr\u00e1rio. \u00c9 por isso que nos concentramos na usabilidade no mundo real, ajudando voc\u00ea a encontrar aplicativos, gadgets e solu\u00e7\u00f5es tecnol\u00f3gicas que realmente aprimoram sua experi\u00eancia, seja para trabalho, lazer ou conveni\u00eancia di\u00e1ria.<\/p>\n\n\n\n<h3 class=\"wp-block-heading\">O que oferecemos<\/h3>\n\n\n\n<p>Na Flobbitz, oferecemos conte\u00fado para todos os n\u00edveis de interesse em tecnologia, desde usu\u00e1rios comuns em busca de recomenda\u00e7\u00f5es pr\u00e1ticas at\u00e9 entusiastas de tecnologia \u00e1vidos por an\u00e1lises aprofundadas. Veja o que voc\u00ea encontrar\u00e1:<\/p>\n\n\n\n<p>\u2714 <strong>Destaques de aplicativos e gadgets<\/strong> \u2013 Descubra os melhores aplicativos, ferramentas inovadoras e gadgets essenciais projetados para aumentar a produtividade, o entretenimento e a conveni\u00eancia do dia a dia.<\/p>\n\n\n\n<p>\u2714 <strong>Guias t\u00e9cnicos passo a passo<\/strong> \u2013 Domine novos softwares e aplicativos com tutoriais claros e pr\u00e1ticos, adaptados a todos os n\u00edveis de experi\u00eancia.<\/p>\n\n\n\n<p>\u2714 <strong>Not\u00edcias e insights do setor<\/strong> \u2013 Mantenha-se atualizado sobre os principais desenvolvimentos, desde avan\u00e7os em IA at\u00e9 tend\u00eancias emergentes em tecnologia m\u00f3vel e de consumo.<\/p>\n\n\n\n<p>\u2714 <strong>An\u00e1lises e compara\u00e7\u00f5es detalhadas<\/strong> \u2013 Obtenha avalia\u00e7\u00f5es imparciais e baseadas em pesquisas de aplicativos, plataformas e ferramentas de tecnologia, garantindo que voc\u00ea tome decis\u00f5es bem informadas.<\/p>\n\n\n\n<p>\u2714 <strong>Recursos do futuro da tecnologia<\/strong> \u2013 Explore como as inova\u00e7\u00f5es digitais, a intelig\u00eancia artificial e as novas tecnologias est\u00e3o moldando a maneira como vivemos e trabalhamos.<\/p>\n\n\n\n<h3 class=\"wp-block-heading\">Nosso compromisso com a transpar\u00eancia<\/h3>\n\n\n\n<p>Na Flobbitz, nos orgulhamos de ser uma fonte independente e objetiva de insights sobre tecnologia. N\u00e3o somos afiliados a nenhuma marca ou empresa apresentada em nosso conte\u00fado, garantindo que cada an\u00e1lise, guia e recomenda\u00e7\u00e3o seja baseada exclusivamente em pesquisas completas e testes pr\u00e1ticos.<\/p>\n\n\n\n<p>Nosso objetivo \u00e9 simples: fornecer <strong>preciso, confi\u00e1vel e acion\u00e1vel<\/strong> Conte\u00fado tecnol\u00f3gico que capacita voc\u00ea a fazer escolhas mais inteligentes em um mundo digital em constante evolu\u00e7\u00e3o. Buscamos a precis\u00e3o, mas sempre incentivamos os leitores a explorar m\u00faltiplas perspectivas e conduzir suas pr\u00f3prias pesquisas ao considerar aplicativos, servi\u00e7os ou produtos de tecnologia.<\/p>\n\n\n\n<p>A tecnologia est\u00e1 em constante evolu\u00e7\u00e3o, e n\u00f3s tamb\u00e9m. Seja para an\u00e1lises especializadas, conselhos pr\u00e1ticos sobre tecnologia ou para acompanhar as \u00faltimas tend\u00eancias digitais, a Flobbitz \u00e9 sua companheira de confian\u00e7a na jornada pelo mundo tecnol\u00f3gico.<\/p>","protected":false},"excerpt":{"rendered":"<p>Bem-vindo ao Flobbitz, seu destino ideal para uma cobertura tecnol\u00f3gica aprofundada e perspicaz. Nos dedicamos a trazer an\u00e1lises especializadas de aplicativos, an\u00e1lises pr\u00e1ticas de gadgets e an\u00e1lises aprofundadas das \u00faltimas tend\u00eancias digitais. Seja para encontrar o aplicativo perfeito para simplificar sua rotina di\u00e1ria ou para conhecer melhor o futuro da tecnologia, o Flobbitz est\u00e1 aqui para [\u2026]<\/p>","protected":false},"author":3,"featured_media":0,"parent":0,"menu_order":0,"comment_status":"closed","ping_status":"closed","template":"page-nosidebar.php","meta":{"footnotes":""},"yoast_head":"<!-- This site is optimized with the Yoast SEO plugin v23.3 - https:\/\/yoast.com\/wordpress\/plugins\/seo\/ -->\n<title>About Us - Flobbitz<\/title>\n<meta name=\"robots\" content=\"index, follow, max-snippet:-1, max-image-preview:large, max-video-preview:-1\" \/>\n<link rel=\"canonical\" href=\"https:\/\/flobbitz.com\/pt\/about\/\" \/>\n<meta property=\"og:locale\" content=\"pt_BR\" \/>\n<meta property=\"og:type\" content=\"article\" \/>\n<meta property=\"og:title\" content=\"About Us - Flobbitz\" \/>\n<meta property=\"og:description\" content=\"Welcome to Flobbitz, your go-to destination for insightful tech coverage. We\u2019re dedicated to bringing you expert app reviews, hands-on gadget analysis, and deep dives into the latest digital trends. Whether you&#8217;re searching for the perfect app to simplify your daily routine or want a closer look at the future of technology, Flobbitz is here to [&hellip;]\" \/>\n<meta property=\"og:url\" content=\"https:\/\/flobbitz.com\/pt\/about\/\" \/>\n<meta property=\"og:site_name\" content=\"Flobbitz\" \/>\n<meta property=\"article:modified_time\" content=\"2026-02-19T17:06:52+00:00\" \/>\n<meta name=\"twitter:card\" content=\"summary_large_image\" \/>\n<meta name=\"twitter:label1\" content=\"Est. reading time\" \/>\n\t<meta name=\"twitter:data1\" content=\"2 minutos\" \/>\n<script type=\"application\/ld+json\" class=\"yoast-schema-graph\">{\"@context\":\"https:\/\/schema.org\",\"@graph\":[{\"@type\":\"WebPage\",\"@id\":\"https:\/\/flobbitz.com\/about\/\",\"url\":\"https:\/\/flobbitz.com\/about\/\",\"name\":\"About Us - Flobbitz\",\"isPartOf\":{\"@id\":\"https:\/\/flobbitz.com\/#website\"},\"datePublished\":\"2025-03-07T01:36:47+00:00\",\"dateModified\":\"2026-02-19T17:06:52+00:00\",\"breadcrumb\":{\"@id\":\"https:\/\/flobbitz.com\/about\/#breadcrumb\"},\"inLanguage\":\"pt-BR\",\"potentialAction\":[{\"@type\":\"ReadAction\",\"target\":[\"https:\/\/flobbitz.com\/about\/\"]}]},{\"@type\":\"BreadcrumbList\",\"@id\":\"https:\/\/flobbitz.com\/about\/#breadcrumb\",\"itemListElement\":[{\"@type\":\"ListItem\",\"position\":1,\"name\":\"Home\",\"item\":\"https:\/\/flobbitz.com\/\"},{\"@type\":\"ListItem\",\"position\":2,\"name\":\"About Us\"}]},{\"@type\":\"WebSite\",\"@id\":\"https:\/\/flobbitz.com\/#website\",\"url\":\"https:\/\/flobbitz.com\/\",\"name\":\"Flobbitz\",\"description\":\"\",\"potentialAction\":[{\"@type\":\"SearchAction\",\"target\":{\"@type\":\"EntryPoint\",\"urlTemplate\":\"https:\/\/flobbitz.com\/?s={search_term_string}\"},\"query-input\":\"required name=search_term_string\"}],\"inLanguage\":\"pt-BR\"}]}<\/script>\n<!-- \/ Yoast SEO plugin. -->","yoast_head_json":{"title":"About Us - Flobbitz","robots":{"index":"index","follow":"follow","max-snippet":"max-snippet:-1","max-image-preview":"max-image-preview:large","max-video-preview":"max-video-preview:-1"},"canonical":"https:\/\/flobbitz.com\/pt\/about\/","og_locale":"pt_BR","og_type":"article","og_title":"About Us - Flobbitz","og_description":"Welcome to Flobbitz, your go-to destination for insightful tech coverage. We\u2019re dedicated to bringing you expert app reviews, hands-on gadget analysis, and deep dives into the latest digital trends. Whether you&#8217;re searching for the perfect app to simplify your daily routine or want a closer look at the future of technology, Flobbitz is here to [&hellip;]","og_url":"https:\/\/flobbitz.com\/pt\/about\/","og_site_name":"Flobbitz","article_modified_time":"2026-02-19T17:06:52+00:00","twitter_card":"summary_large_image","twitter_misc":{"Est. reading time":"2 minutos"},"schema":{"@context":"https:\/\/schema.org","@graph":[{"@type":"WebPage","@id":"https:\/\/flobbitz.com\/about\/","url":"https:\/\/flobbitz.com\/about\/","name":"About Us - Flobbitz","isPartOf":{"@id":"https:\/\/flobbitz.com\/#website"},"datePublished":"2025-03-07T01:36:47+00:00","dateModified":"2026-02-19T17:06:52+00:00","breadcrumb":{"@id":"https:\/\/flobbitz.com\/about\/#breadcrumb"},"inLanguage":"pt-BR","potentialAction":[{"@type":"ReadAction","target":["https:\/\/flobbitz.com\/about\/"]}]},{"@type":"BreadcrumbList","@id":"https:\/\/flobbitz.com\/about\/#breadcrumb","itemListElement":[{"@type":"ListItem","position":1,"name":"Home","item":"https:\/\/flobbitz.com\/"},{"@type":"ListItem","position":2,"name":"About Us"}]},{"@type":"WebSite","@id":"https:\/\/flobbitz.com\/#website","url":"https:\/\/flobbitz.com\/","name":"Flobbitz","description":"","potentialAction":[{"@type":"SearchAction","target":{"@type":"EntryPoint","urlTemplate":"https:\/\/flobbitz.com\/?s={search_term_string}"},"query-input":"required name=search_term_string"}],"inLanguage":"pt-BR"}]}},"_links":{"self":[{"href":"https:\/\/flobbitz.com\/pt\/wp-json\/wp\/v2\/pages\/133"}],"collection":[{"href":"https:\/\/flobbitz.com\/pt\/wp-json\/wp\/v2\/pages"}],"about":[{"href":"https:\/\/flobbitz.com\/pt\/wp-json\/wp\/v2\/types\/page"}],"author":[{"embeddable":true,"href":"https:\/\/flobbitz.com\/pt\/wp-json\/wp\/v2\/users\/3"}],"replies":[{"embeddable":true,"href":"https:\/\/flobbitz.com\/pt\/wp-json\/wp\/v2\/comments?post=133"}],"version-history":[{"count":2,"href":"https:\/\/flobbitz.com\/pt\/wp-json\/wp\/v2\/pages\/133\/revisions"}],"predecessor-version":[{"id":135,"href":"https:\/\/flobbitz.com\/pt\/wp-json\/wp\/v2\/pages\/133\/revisions\/135"}],"wp:attachment":[{"href":"https:\/\/flobbitz.com\/pt\/wp-json\/wp\/v2\/media?parent=133"}],"curies":[{"name":"wp","href":"https:\/\/api.w.org\/{rel}","templated":true}]}}